{"id":99,"date":"2017-01-22T09:23:25","date_gmt":"2017-01-22T08:23:25","guid":{"rendered":"http:\/\/ny.soejberg.dk\/?page_id=99"},"modified":"2017-01-24T22:32:04","modified_gmt":"2017-01-24T21:32:04","slug":"om-pladsen-og-om-os","status":"publish","type":"page","link":"https:\/\/soejberg.dk\/?page_id=99&lang=da","title":{"rendered":"Om pladsen og om os"},"content":{"rendered":"<table style=\"width: 580px;\">\n<tbody>\n<tr>\n<td style=\"width: 333.1px; vertical-align: top;\">\n<p>Vi k\u00f8bte vores f\u00f8rste autocamper i 1995 og nu er vi igang med at slide den tredie op.<\/p>\n<p>Vi har k\u00f8rt i det meste af Europa og ideen til at lave vores egen Camperplads l\u00e5 egentlig lige for: <em><strong>Vi har et velegnet areal og vi ved hvad man har brug for som camper turist.<\/strong><\/em><\/p>\n<p>Det er vores m\u00e5l at tilf\u00f8je en forbedring af pladsen hvert \u00e5r.<\/p>\n<p>Vi h\u00e5ber i vil nyde jeres ophold.<\/p>\n<\/td>\n<td style=\"width: 229.9px;\">\n<p><img loading=\"lazy\" decoding=\"async\" class=\"alignnone size-medium wp-image-60\" src=\"http:\/\/ny.soejberg.dk\/wp-content\/uploads\/2017\/01\/toveogole-300x150.jpg\" alt=\"\" width=\"300\" height=\"150\" srcset=\"https:\/\/soejberg.dk\/wp-content\/uploads\/2017\/01\/toveogole-300x150.jpg 300w, https:\/\/soejberg.dk\/wp-content\/uploads\/2017\/01\/toveogole-768x384.jpg 768w, https:\/\/soejberg.dk\/wp-content\/uploads\/2017\/01\/toveogole-1024x512.jpg 1024w, https:\/\/soejberg.dk\/wp-content\/uploads\/2017\/01\/toveogole.jpg 2000w\" sizes=\"auto, (max-width: 300px) 100vw, 300px\" \/><\/p>\n<p><a href=\"http:\/\/ny.soejberg.dk\/wp-content\/uploads\/2017\/01\/Camper.jpg\"><img loading=\"lazy\" decoding=\"async\" class=\"alignnone wp-image-109 size-medium\" src=\"http:\/\/ny.soejberg.dk\/wp-content\/uploads\/2017\/01\/Camper-300x225.jpg\" width=\"300\" height=\"225\" srcset=\"https:\/\/soejberg.dk\/wp-content\/uploads\/2017\/01\/Camper-300x225.jpg 300w, https:\/\/soejberg.dk\/wp-content\/uploads\/2017\/01\/Camper-768x576.jpg 768w, https:\/\/soejberg.dk\/wp-content\/uploads\/2017\/01\/Camper.jpg 800w\" sizes=\"auto, (max-width: 300px) 100vw, 300px\" \/><\/a>\u00a0<\/p>\n<\/td>\n<\/tr>\n<\/tbody>\n<\/table>\n<p>&nbsp;<\/p>\n","protected":false},"excerpt":{"rendered":"<p>Vi k\u00f8bte vores f\u00f8rste autocamper i 1995 og nu er vi igang med at slide den tredie op. Vi har k\u00f8rt i det meste af Europa og ideen til at lave vores egen Camperplads l\u00e5 egentlig lige for: Vi har et velegnet areal og vi ved hvad man har brug for som camper turist. Det &hellip; <\/p>\n<p class=\"link-more\"><a href=\"https:\/\/soejberg.dk\/?page_id=99&#038;lang=da\" class=\"more-link\">L\u00e6s videre<span class=\"screen-reader-text\"> &#8220;Om pladsen og om os&#8221;<\/span><\/a><\/p>\n","protected":false},"author":2,"featured_media":0,"parent":0,"menu_order":0,"comment_status":"closed","ping_status":"closed","template":"","meta":{"footnotes":""},"class_list":["post-99","page","type-page","status-publish","hentry"],"_links":{"self":[{"href":"https:\/\/soejberg.dk\/index.php?rest_route=\/wp\/v2\/pages\/99","targetHints":{"allow":["GET"]}}],"collection":[{"href":"https:\/\/soejberg.dk\/index.php?rest_route=\/wp\/v2\/pages"}],"about":[{"href":"https:\/\/soejberg.dk\/index.php?rest_route=\/wp\/v2\/types\/page"}],"author":[{"embeddable":true,"href":"https:\/\/soejberg.dk\/index.php?rest_route=\/wp\/v2\/users\/2"}],"replies":[{"embeddable":true,"href":"https:\/\/soejberg.dk\/index.php?rest_route=%2Fwp%2Fv2%2Fcomments&post=99"}],"version-history":[{"count":10,"href":"https:\/\/soejberg.dk\/index.php?rest_route=\/wp\/v2\/pages\/99\/revisions"}],"predecessor-version":[{"id":240,"href":"https:\/\/soejberg.dk\/index.php?rest_route=\/wp\/v2\/pages\/99\/revisions\/240"}],"wp:attachment":[{"href":"https:\/\/soejberg.dk\/index.php?rest_route=%2Fwp%2Fv2%2Fmedia&parent=99"}],"curies":[{"name":"wp","href":"https:\/\/api.w.org\/{rel}","templated":true}]}}