{"id":71,"date":"2017-01-21T18:03:09","date_gmt":"2017-01-21T17:03:09","guid":{"rendered":"http:\/\/ny.soejberg.dk\/?page_id=71"},"modified":"2017-06-04T13:04:42","modified_gmt":"2017-06-04T11:04:42","slug":"faar-2","status":"publish","type":"page","link":"https:\/\/soejberg.dk\/?page_id=71&lang=da","title":{"rendered":"F\u00e5r"},"content":{"rendered":"<table>\n<tbody>\n<tr style=\"height: 592px;\">\n<td style=\"vertical-align: top; height: 592px;\">\n<p>Vores f\u00e5rehold er baseret p\u00e5 produktion af slagtelam.<br \/>\n Bes\u00e6tningen best\u00e5r af ca. 25 moderf\u00e5r og to avlsv\u00e6dder &#8211; Fleck og Top Star.<\/p>\n<p>Fleck er kommet til i 2014 og Top Star kom i 2016. De skal videref\u00f8re de gode avlsresultater som deres forg\u00e6nger &#8211; Leopold &#8211; har bragt ind i bes\u00e6tningen.<\/p>\n<p>Moderf\u00e5rene er dels renracede Texel f\u00e5r dels Godtlandske pelsf\u00e5r, samt en del krydsninger mellem de to racer.<\/p>\n<p>Vore avlsv\u00e6ddere er altid af racen Texel som vi k\u00f8ber hos anerkendte avlere.<\/p>\n<p>Lammene f\u00f8des fra midten af februar til begyndelsen af april m\u00e5ned og de f\u00f8rste lam er klar til slagtning inden udgangen af juli.<\/p>\n<p>En uvurderlig hj\u00e6lp i f\u00e5reholdet er vores Border Collie &#8211; Aileen.<\/p>\n<\/td>\n<td style=\"height: 592px;\"><a href=\"http:\/\/ny.soejberg.dk\/wp-content\/uploads\/2017\/01\/Lam26-02-2015.jpg\"><img loading=\"lazy\" decoding=\"async\" class=\"alignright wp-image-80 size-medium\" src=\"http:\/\/ny.soejberg.dk\/wp-content\/uploads\/2017\/01\/Lam26-02-2015-300x210.jpg\" width=\"300\" height=\"210\" srcset=\"https:\/\/soejberg.dk\/wp-content\/uploads\/2017\/01\/Lam26-02-2015-300x210.jpg 300w, https:\/\/soejberg.dk\/wp-content\/uploads\/2017\/01\/Lam26-02-2015-768x538.jpg 768w, https:\/\/soejberg.dk\/wp-content\/uploads\/2017\/01\/Lam26-02-2015-1024x717.jpg 1024w, https:\/\/soejberg.dk\/wp-content\/uploads\/2017\/01\/Lam26-02-2015.jpg 1500w\" sizes=\"auto, (max-width: 300px) 100vw, 300px\" \/><\/a><\/p>\n<p><a href=\"http:\/\/ny.soejberg.dk\/wp-content\/uploads\/2017\/01\/310814-003.jpg\"><img loading=\"lazy\" decoding=\"async\" class=\"alignnone  wp-image-230\" src=\"http:\/\/ny.soejberg.dk\/wp-content\/uploads\/2017\/01\/310814-003-300x212.jpg\" alt=\"\" width=\"198\" height=\"140\" srcset=\"https:\/\/soejberg.dk\/wp-content\/uploads\/2017\/01\/310814-003-300x212.jpg 300w, https:\/\/soejberg.dk\/wp-content\/uploads\/2017\/01\/310814-003-768x543.jpg 768w, https:\/\/soejberg.dk\/wp-content\/uploads\/2017\/01\/310814-003-1024x724.jpg 1024w\" sizes=\"auto, (max-width: 198px) 100vw, 198px\" \/><\/a><\/p>\n<p><a href=\"http:\/\/ny.soejberg.dk\/wp-content\/uploads\/2017\/01\/IMG_2248.jpg\"><img loading=\"lazy\" decoding=\"async\" class=\"wp-image-79 size-medium alignnone\" src=\"http:\/\/ny.soejberg.dk\/wp-content\/uploads\/2017\/01\/IMG_2248-300x225.jpg\" width=\"300\" height=\"225\" srcset=\"https:\/\/soejberg.dk\/wp-content\/uploads\/2017\/01\/IMG_2248-300x225.jpg 300w, https:\/\/soejberg.dk\/wp-content\/uploads\/2017\/01\/IMG_2248-768x576.jpg 768w, https:\/\/soejberg.dk\/wp-content\/uploads\/2017\/01\/IMG_2248-1024x768.jpg 1024w, https:\/\/soejberg.dk\/wp-content\/uploads\/2017\/01\/IMG_2248.jpg 1134w\" sizes=\"auto, (max-width: 300px) 100vw, 300px\" \/><\/a><a href=\"http:\/\/ny.soejberg.dk\/wp-content\/uploads\/2017\/01\/Image070415.jpg\"><img loading=\"lazy\" decoding=\"async\" class=\"alignright wp-image-78 size-medium\" src=\"http:\/\/ny.soejberg.dk\/wp-content\/uploads\/2017\/01\/Image070415-300x225.jpg\" width=\"300\" height=\"225\" srcset=\"https:\/\/soejberg.dk\/wp-content\/uploads\/2017\/01\/Image070415-300x225.jpg 300w, https:\/\/soejberg.dk\/wp-content\/uploads\/2017\/01\/Image070415-768x576.jpg 768w, https:\/\/soejberg.dk\/wp-content\/uploads\/2017\/01\/Image070415-1024x768.jpg 1024w, https:\/\/soejberg.dk\/wp-content\/uploads\/2017\/01\/Image070415.jpg 1500w\" sizes=\"auto, (max-width: 300px) 100vw, 300px\" \/><\/a><\/p>\n<p><img loading=\"lazy\" decoding=\"async\" class=\"alignnone wp-image-273\" src=\"http:\/\/ny.soejberg.dk\/wp-content\/uploads\/2017\/06\/IMG_0016-300x225.jpg\" alt=\"\" width=\"300\" height=\"225\" srcset=\"https:\/\/soejberg.dk\/wp-content\/uploads\/2017\/06\/IMG_0016-300x225.jpg 300w, https:\/\/soejberg.dk\/wp-content\/uploads\/2017\/06\/IMG_0016-768x576.jpg 768w, https:\/\/soejberg.dk\/wp-content\/uploads\/2017\/06\/IMG_0016-1024x768.jpg 1024w, https:\/\/soejberg.dk\/wp-content\/uploads\/2017\/06\/IMG_0016.jpg 1280w\" sizes=\"auto, (max-width: 300px) 100vw, 300px\" \/><\/p>\n<\/td>\n<\/tr>\n<\/tbody>\n<\/table>\n<p>&nbsp;<\/p>\n","protected":false},"excerpt":{"rendered":"<p>Vores f\u00e5rehold er baseret p\u00e5 produktion af slagtelam. Bes\u00e6tningen best\u00e5r af ca. 25 moderf\u00e5r og to avlsv\u00e6dder &#8211; Fleck og Top Star. Fleck er kommet til i 2014 og Top Star kom i 2016. De skal videref\u00f8re de gode avlsresultater som deres forg\u00e6nger &#8211; Leopold &#8211; har bragt ind i bes\u00e6tningen. Moderf\u00e5rene er dels renracede &hellip; <\/p>\n<p class=\"link-more\"><a href=\"https:\/\/soejberg.dk\/?page_id=71&#038;lang=da\" class=\"more-link\">L\u00e6s videre<span class=\"screen-reader-text\"> &#8220;F\u00e5r&#8221;<\/span><\/a><\/p>\n","protected":false},"author":2,"featured_media":0,"parent":0,"menu_order":0,"comment_status":"closed","ping_status":"closed","template":"","meta":{"footnotes":""},"class_list":["post-71","page","type-page","status-publish","hentry"],"_links":{"self":[{"href":"https:\/\/soejberg.dk\/index.php?rest_route=\/wp\/v2\/pages\/71","targetHints":{"allow":["GET"]}}],"collection":[{"href":"https:\/\/soejberg.dk\/index.php?rest_route=\/wp\/v2\/pages"}],"about":[{"href":"https:\/\/soejberg.dk\/index.php?rest_route=\/wp\/v2\/types\/page"}],"author":[{"embeddable":true,"href":"https:\/\/soejberg.dk\/index.php?rest_route=\/wp\/v2\/users\/2"}],"replies":[{"embeddable":true,"href":"https:\/\/soejberg.dk\/index.php?rest_route=%2Fwp%2Fv2%2Fcomments&post=71"}],"version-history":[{"count":15,"href":"https:\/\/soejberg.dk\/index.php?rest_route=\/wp\/v2\/pages\/71\/revisions"}],"predecessor-version":[{"id":276,"href":"https:\/\/soejberg.dk\/index.php?rest_route=\/wp\/v2\/pages\/71\/revisions\/276"}],"wp:attachment":[{"href":"https:\/\/soejberg.dk\/index.php?rest_route=%2Fwp%2Fv2%2Fmedia&parent=71"}],"curies":[{"name":"wp","href":"https:\/\/api.w.org\/{rel}","templated":true}]}}