{"id":182,"date":"2017-01-21T15:03:45","date_gmt":"2017-01-21T14:03:45","guid":{"rendered":"http:\/\/ny.soejberg.dk\/?page_id=12"},"modified":"2017-01-22T22:40:17","modified_gmt":"2017-01-22T21:40:17","slug":"kontakt-2","status":"publish","type":"page","link":"https:\/\/soejberg.dk\/?page_id=182&lang=de","title":{"rendered":"Kontakt &#8211; DE"},"content":{"rendered":"<p>Sie erreichen uns in mehrfacher Hinsicht. Auf dieser Seite gibt es ein Kontaktformular, das Sie verwenden k\u00f6nnen.<br \/>\n Dar\u00fcber hinaus \u00fcber unser<strong><a href=\"mailto:ole@soejberg.dk\">e Email URole (a) s<\/a><\/strong>oejberg.dk und unsere Handy-<strong>Nummer + 45 61 54<\/strong> 42 21-wo SMS ist auch m\u00f6glich.<\/p>\n<p>Gro\u00dfe Karte anzeigen<a href=\"http:\/\/ny.soejberg.dk\/?page_id=61\"> hier!<\/a><\/p>\n","protected":false},"excerpt":{"rendered":"<p>Sie erreichen uns in mehrfacher Hinsicht. Auf dieser Seite gibt es ein Kontaktformular, das Sie verwenden k\u00f6nnen. Dar\u00fcber hinaus \u00fcber unsere Email URole (a) soejberg.dk und unsere Handy-Nummer + 45 61 54 42 21-wo SMS ist auch m\u00f6glich. Gro\u00dfe Karte anzeigen hier!<\/p>\n","protected":false},"author":2,"featured_media":0,"parent":0,"menu_order":0,"comment_status":"closed","ping_status":"closed","template":"","meta":{"footnotes":""},"class_list":["post-182","page","type-page","status-publish","hentry"],"_links":{"self":[{"href":"https:\/\/soejberg.dk\/index.php?rest_route=\/wp\/v2\/pages\/182","targetHints":{"allow":["GET"]}}],"collection":[{"href":"https:\/\/soejberg.dk\/index.php?rest_route=\/wp\/v2\/pages"}],"about":[{"href":"https:\/\/soejberg.dk\/index.php?rest_route=\/wp\/v2\/types\/page"}],"author":[{"embeddable":true,"href":"https:\/\/soejberg.dk\/index.php?rest_route=\/wp\/v2\/users\/2"}],"replies":[{"embeddable":true,"href":"https:\/\/soejberg.dk\/index.php?rest_route=%2Fwp%2Fv2%2Fcomments&post=182"}],"version-history":[{"count":2,"href":"https:\/\/soejberg.dk\/index.php?rest_route=\/wp\/v2\/pages\/182\/revisions"}],"predecessor-version":[{"id":201,"href":"https:\/\/soejberg.dk\/index.php?rest_route=\/wp\/v2\/pages\/182\/revisions\/201"}],"wp:attachment":[{"href":"https:\/\/soejberg.dk\/index.php?rest_route=%2Fwp%2Fv2%2Fmedia&parent=182"}],"curies":[{"name":"wp","href":"https:\/\/api.w.org\/{rel}","templated":true}]}}