{"id":174,"date":"2017-01-21T15:03:45","date_gmt":"2017-01-21T14:03:45","guid":{"rendered":"http:\/\/ny.soejberg.dk\/?page_id=10"},"modified":"2017-01-25T11:15:36","modified_gmt":"2017-01-25T10:15:36","slug":"haus","status":"publish","type":"page","link":"https:\/\/soejberg.dk\/?page_id=174&lang=de","title":{"rendered":"Anfang"},"content":{"rendered":"<p>Wir hei\u00dfen \u00a0Sie an Varn\u00e6svigvej 41 willkommen. Zu unser Landhaus mit sowohl Stellplatz f\u00fcr Wohnmobile, eine sch\u00f6ne Schafherde und eine Weidewerkstatt wo die tollste Weidekreationen entsteht.<\/p>\n","protected":false},"excerpt":{"rendered":"<p>Wir hei\u00dfen \u00a0Sie an Varn\u00e6svigvej 41 willkommen. Zu unser Landhaus mit sowohl Stellplatz f\u00fcr Wohnmobile, eine sch\u00f6ne Schafherde und eine Weidewerkstatt wo die tollste Weidekreationen entsteht.<\/p>\n","protected":false},"author":2,"featured_media":0,"parent":0,"menu_order":0,"comment_status":"closed","ping_status":"closed","template":"","meta":{"footnotes":""},"class_list":["post-174","page","type-page","status-publish","hentry"],"_links":{"self":[{"href":"https:\/\/soejberg.dk\/index.php?rest_route=\/wp\/v2\/pages\/174","targetHints":{"allow":["GET"]}}],"collection":[{"href":"https:\/\/soejberg.dk\/index.php?rest_route=\/wp\/v2\/pages"}],"about":[{"href":"https:\/\/soejberg.dk\/index.php?rest_route=\/wp\/v2\/types\/page"}],"author":[{"embeddable":true,"href":"https:\/\/soejberg.dk\/index.php?rest_route=\/wp\/v2\/users\/2"}],"replies":[{"embeddable":true,"href":"https:\/\/soejberg.dk\/index.php?rest_route=%2Fwp%2Fv2%2Fcomments&post=174"}],"version-history":[{"count":3,"href":"https:\/\/soejberg.dk\/index.php?rest_route=\/wp\/v2\/pages\/174\/revisions"}],"predecessor-version":[{"id":260,"href":"https:\/\/soejberg.dk\/index.php?rest_route=\/wp\/v2\/pages\/174\/revisions\/260"}],"wp:attachment":[{"href":"https:\/\/soejberg.dk\/index.php?rest_route=%2Fwp%2Fv2%2Fmedia&parent=174"}],"curies":[{"name":"wp","href":"https:\/\/api.w.org\/{rel}","templated":true}]}}